{"id":10955,"date":"2022-02-28T15:37:37","date_gmt":"2022-02-28T15:37:37","guid":{"rendered":"https:\/\/fluisterboot.nl\/privacy-declaration\/"},"modified":"2022-03-02T14:59:08","modified_gmt":"2022-03-02T13:59:08","slug":"privacy-declaration","status":"publish","type":"page","link":"https:\/\/fluisterboot.nl\/en\/privacy-declaration\/","title":{"rendered":"Privacy declaration"},"content":{"rendered":"<p>[et_pb_section fb_built=&#8221;1&#8243; admin_label=&#8221;section&#8221; _builder_version=&#8221;3.22&#8243; global_colors_info=&#8221;{}&#8221;][et_pb_row admin_label=&#8221;row&#8221; _builder_version=&#8221;3.25&#8243; background_size=&#8221;initial&#8221; background_position=&#8221;top_left&#8221; background_repeat=&#8221;repeat&#8221; global_colors_info=&#8221;{}&#8221;][et_pb_column type=&#8221;4_4&#8243; _builder_version=&#8221;3.25&#8243; custom_padding=&#8221;|||&#8221; global_colors_info=&#8221;{}&#8221; custom_padding__hover=&#8221;|||&#8221;][et_pb_text admin_label=&#8221;Text&#8221; _builder_version=&#8221;4.14.8&#8243; header_font=&#8221;economica-otf||||||||&#8221; header_font_size=&#8221;32px&#8221; background_size=&#8221;initial&#8221; background_position=&#8221;top_left&#8221; background_repeat=&#8221;repeat&#8221; hover_enabled=&#8221;0&#8243; global_colors_info=&#8221;{}&#8221; sticky_enabled=&#8221;0&#8243;]<\/p>\n<h1>Datenschutzerkl\u00e4rung<\/h1>\n<p>G\u00fcltig from December 2018<\/p>\n<p>Die vorliegende Datenschutzerkl\u00e4rung gilt f\u00fcr die Website www.molgroenewegen.de that vom Inhaber von Bed &amp; Boot Mol Groenewegen verwaltet. In dieser Datenschutzerkl\u00e4rung ist festgelegt, who wir Daten erheben und spoiled, die Sie als Nutzer auf unserer Website (www.molgroenewegen.de) hinterlas. Darin is auch beschrieben, welche Straight Sie in Bezug auf die von uns erhobenen bezogenen Daten haben und wie Sie Ihre Daten einsehen und anpas k\u00f6nnen.de<\/p>\n<p><strong>Erfassung persons bezogener Daten<\/strong><\/p>\n<p>Wir erheben unter Anderem folgende Kategorien personsbezogener Daten:<\/p>\n<ul>\n<li>Ihren Familiennamen, Ihre E-Mail-Adresse und Ihre Adresse<\/li>\n<li>Angaben \u00fcber den Aufenthalt der G\u00e4ste, einschlie\u00dflich An- und Abreisedatum, Sonderw\u00fcnsche, Angaben zu Ihren Service-Pr\u00e4ferenzen.<\/li>\n<\/ul>\n<p>Sie bestimmen jederzeit selbst, welche peoplebezogenen Daten (falls zutreffend) Sie uns zur Verf\u00fcgung pose.<\/p>\n<p><strong>Verwendungszweck people bezogener Daten<\/strong><\/p>\n<p>Wir verarbeiten Ihre Personenbezogenen Daten zu folgenden Zwecken:<\/p>\n<ul>\n<li>Buchungen: Wir spoiled Ihre Personenbezogenen Daten, um Ihre Buchung zu verarbeiten und zu best\u00e4tigen.<\/li>\n<li>Kundendienst: Wir spoiled Ihre Personenbezogenen Daten, um bestimmte Dienstleistungen f\u00fcr Sie zu erbringen.<\/li>\n<li>Sonstige Mitteilungen: Je nach den von Ihnen zur Verf\u00fcgung gestellten Kontaktdaten kann esvorkommen, dass wir by E-Mail Kontakt mit Ihnen aufnehmen. M\u00f6glicherweise answers wir Ihre eingereichten Fragen und bearbeiten Ihre Anfragen.<\/li>\n<li>Sicherheit, Verh\u00fctung und Aufdeckung von Betrugsf\u00e4llen: Wir spoiled Daten, which may enthalten auch personbezogene Daten, um Betrugsf\u00e4lle oder other illegal oder unrechtm\u00e4\u00dfige Handlungen zu prevent. Derartige Daten spoiled wir auch dazu, um Betrugsf\u00e4lle zu untersuchen und aufzudecken. Personenbezoogene Daten can be used for risk analysis so that they can be spoiled, unter others, in the Authentifizierung von Nutzern. F\u00fcr derartige Verwendungszwecke leiten wir Personenbezogene Daten eventuell an Dritte wie Strafverfolgungsbeh\u00f6rden und external Berater weiter.<\/li>\n<li>Gesetze und Vorschriften: In bestimmten F\u00e4llen sind wir pflichtet, die zur Verf\u00fcgung gestellten Daten, which may enthalten auch peoplebezogene Daten, zu spoil. Dies ist beispielsweise der Fall bei der Bearbeitung und Beilegung von Rechtsstreitigkeiten oder Beschwerden, bei Rechtlichen Ermittlungen und \u00dcberpr\u00fcfungen der Einhaltung gesetzlicher Vorschriften, oder wenn dies f\u00fcr die Erf\u00fcllungsbehlung der Vervontragsplichen<\/li>\n<\/ul>\n<p><strong>legal basis<\/strong><\/p>\n<ul>\n<li>Unter Umst\u00e4nden m\u00fcssen wir Ihre Daten verarbeiten, um die mit Ihnen vereinbarte Dienstleistung zu erbringen und Ihre Buchung durchzuf\u00fchren.<\/li>\n<li>Falls due to stop wir uns au\u00dferdem an unsere Pflicht, dem geltenden Recht Folge zu leisten.<\/li>\n<li>Wo es das geltende Recht vorschreibt, bitten wir Sie um Ihre ausdr\u00fcckliche Zustimmung, bevor wir Ihre peoplebezogenen Daten zu direkten Marketingzwecken verarbeiten.<\/li>\n<\/ul>\n<p>Falls das geltende Recht es vorschreibt, bitten wir Sie um Ihre ausdr\u00fcckliche Zustimmung zur Datenverarbeitung, Sie k\u00f6nnen Ihre Zustimmung jederzeit widerrufen. Orient Sie Ihren entsprechenden Antrag an eine unserer am Ende dieser Datenschutzerkl\u00e4rung aufgef\u00fchrten Addresses.<\/p>\n<p><strong>Weiterleitung Personenbezogener Daten<\/strong><\/p>\n<ul>\n<li><u>Zust\u00e4ndige Beh\u00f6rden:<\/u> Wir leiten Personenbezogene Daten an Strafverfolgungsbeh\u00f6rden und others Regierungsinstanzen weiter, wenn dies gesetzlich vorgeschrieben oder unbedingt notwendig ist, um Straftaten und Betrugsf\u00e4lle zu prevented, aufzudecken.<\/li>\n<\/ul>\n<p><strong>Aufbewahrung von Daten<\/strong><\/p>\n<p>Ihre Daten, einschlie\u00dflich der Personenbezogenen Daten, bewahren wir so long auf, who es zur Erbringung der gew\u00fcnschten Dienstleistung erforderlich ist, who es von Gesetzes roads oder zur Beilegung von Rechtsstreitigkeiten oder vont trugatensforddernf\u00e4cken others wie n\u00f6tig, um unsere Aktivit\u00e4ten ausf\u00fchren zu k\u00f6nnen. Die vorliegende Datenschutzerkl\u00e4rung ist auf all special persons concerned Daten anwendbar. Any questions about aufbewahrungsfrist f\u00fcr bestimmte Arten Personenbezogener Daten, which we will work with, address Sie bitte \u00fcber die nachstehenden Kontaktdaten an uns.<\/p>\n<p><strong>Ihre Nutzeroptionen und Rechte<\/strong><\/p>\n<p>Wir legen Wert darauf, dass Sie selbst die Kontrolle dar\u00fcber haben, who wer Ihre personbezogenen Daten spoiled. Sie k\u00f6nnen Ihre Rechte who follows aus\u00fcben:<\/p>\n<ul>\n<li>Sie k\u00f6nnen von our desire, Ihnen eine Copy Ihrer Personenbezogenen Daten, die uns zur Verf\u00fcgung stehen, zu \u00fcbermitteln.<\/li>\n<li>Sie k\u00f6nnen Ihre bei uns bekannten peoplebezogenen Daten \u00e4ndern oder corrigieren lassen.<\/li>\n<li>In bestimmten F\u00e4llen haben Sie das Recht, that Verarbeitung Ihrer personallybezogenen Daten unsererseits einzustellen, zu blockieren oder einzuschr\u00e4nken, oder Einspruch gegen die Art und Weise der Verwendung Ihrer Personenbezogenen Daten einzulegen.<\/li>\n<li>In bestimmten F\u00e4llen haben Sie au\u00dferdem das Recht, von our zu desire, that von Ihnen bereitgestellten people are visited Daten an eine Drittpartei weiterleiten.<\/li>\n<\/ul>\n<p>W\u00e4hrend wir mit Ihrer Einwilligung Ihre personbezogenen Daten spoiled, d\u00fcrfen Sie diese Einwilligung \u2013 je nach anwendbarem Recht \u2013 jederzeit widerrufen. Wenn wir Ihre Personenbezogenen Daten auf Basis eines berechtigten Interests oder des \u00f6ffentlichen Interests verarbeiten, haben Sie au\u00dferdem jederzeit \u2013 und unter Beachtung der Rechtsvorschriften \u2013 das Recht, Einspruch gegen die jeweilige Verwendung Ihrer Personenbezogenen.<\/p>\n<p>Wir gehen davon aus, dass Sie daf\u00fcr sorgen, dass Ihre peoplebezogenen Daten vollst\u00e4ndig, correct und aktuell sind. Any \u00c4nderungen oder Fehler bei Ihren Personenbezogenen Daten teilen Sie uns bitte per E-Mail an <a href=\"mailto:info@molgroenewegen.nl\">info@molgroenewegen.nl<\/a> mit. Wir bearbeiten Ihren Antrag gem\u00e4\u00df den geltenden Legal precepts.<\/p>\n<p><strong>Fragen or Beschwerden<\/strong><\/p>\n<p>Wenn Sie Fragen oder Anmerkungen zur Verarbeitung Ihrer Personenbezogenen Daten haben oder Ihre diesbez\u00fcglichen Rechte aus\u00fcben m\u00f6chten, k\u00f6nnen Sie sich unter folgender E-Mail-Addresse an uns wenden: <a href=\"mailto:info@molgroenewegen.nl\">info@molgroenewegen.nl<\/a><\/p>\n<p>Binnenpad 28 \u2013 NL-8355 BR GIETHOORN \u2013 Tel. +31-(0)521-361359 \u2013 Mobil +31-(0)6-44994037<\/p>\n<p>Bei Fragen oder Beschwerden can be found on the same page for the datenschutzaufsichtsbeh\u00f6rde.<\/p>\n<p>&nbsp;<\/p>\n<p>&nbsp;<\/p>\n<p>&nbsp;<\/p>\n<p>[\/et_pb_text][\/et_pb_column][\/et_pb_row][\/et_pb_section]<\/p>\n","protected":false},"excerpt":{"rendered":"<p>Datenschutzerkl\u00e4rung G\u00fcltig from December 2018 Die vorliegende Datenschutzerkl\u00e4rung gilt f\u00fcr die Website www.molgroenewegen.de that vom Inhaber von Bed &amp; Boot Mol Groenewegen verwaltet. In dieser Datenschutzerkl\u00e4rung ist festgelegt, who wir Daten erheben und spoiled, die Sie als Nutzer auf unserer Website (www.molgroenewegen.de) hinterlas. Darin is auch beschrieben, welche Straight Sie in Bezug auf die von [&hellip;]<\/p>\n","protected":false},"author":1,"featured_media":0,"parent":0,"menu_order":67,"comment_status":"closed","ping_status":"closed","template":"","meta":{"_et_pb_use_builder":"on","_et_pb_old_content":"","_et_gb_content_width":"","footnotes":""},"class_list":["post-10955","page","type-page","status-publish","hentry"],"yoast_head":"<!-- This site is optimized with the Yoast SEO plugin v27.5 - https:\/\/yoast.com\/product\/yoast-seo-wordpress\/ -->\n<title>Privacy declaration | Fluisterboot Giethoorn<\/title>\n<meta name=\"robots\" content=\"noindex, follow\" \/>\n<meta property=\"og:locale\" content=\"en_US\" \/>\n<meta property=\"og:type\" content=\"article\" \/>\n<meta property=\"og:title\" content=\"Privacy declaration | Fluisterboot Giethoorn\" \/>\n<meta property=\"og:description\" content=\"Datenschutzerkl\u00e4rung G\u00fcltig from December 2018 Die vorliegende Datenschutzerkl\u00e4rung gilt f\u00fcr die Website www.molgroenewegen.de that vom Inhaber von Bed &amp; Boot Mol Groenewegen verwaltet. In dieser Datenschutzerkl\u00e4rung ist festgelegt, who wir Daten erheben und spoiled, die Sie als Nutzer auf unserer Website (www.molgroenewegen.de) hinterlas. Darin is auch beschrieben, welche Straight Sie in Bezug auf die von [&hellip;]\" \/>\n<meta property=\"og:url\" content=\"https:\/\/fluisterboot.nl\/en\/privacy-declaration\/\" \/>\n<meta property=\"og:site_name\" content=\"Fluisterboot Giethoorn\" \/>\n<meta property=\"article:publisher\" content=\"https:\/\/www.facebook.com\/HollandGiethoorn\/\" \/>\n<meta property=\"article:modified_time\" content=\"2022-03-02T13:59:08+00:00\" \/>\n<meta property=\"og:image\" content=\"https:\/\/fluisterboot.nl\/wp-content\/uploads\/2019\/03\/logo.png\" \/>\n\t<meta property=\"og:image:width\" content=\"325\" \/>\n\t<meta property=\"og:image:height\" content=\"75\" \/>\n\t<meta property=\"og:image:type\" content=\"image\/png\" \/>\n<meta name=\"twitter:card\" content=\"summary_large_image\" \/>\n<meta name=\"twitter:label1\" content=\"Est. reading time\" \/>\n\t<meta name=\"twitter:data1\" content=\"5 minutes\" \/>\n<script type=\"application\/ld+json\" class=\"yoast-schema-graph\">{\"@context\":\"https:\\\/\\\/schema.org\",\"@graph\":[{\"@type\":\"WebPage\",\"@id\":\"https:\\\/\\\/fluisterboot.nl\\\/en\\\/privacy-declaration\\\/\",\"url\":\"https:\\\/\\\/fluisterboot.nl\\\/en\\\/privacy-declaration\\\/\",\"name\":\"Privacy declaration | Fluisterboot Giethoorn\",\"isPartOf\":{\"@id\":\"https:\\\/\\\/fluisterboot.nl\\\/en\\\/#website\"},\"datePublished\":\"2022-02-28T15:37:37+00:00\",\"dateModified\":\"2022-03-02T13:59:08+00:00\",\"breadcrumb\":{\"@id\":\"https:\\\/\\\/fluisterboot.nl\\\/en\\\/privacy-declaration\\\/#breadcrumb\"},\"inLanguage\":\"en-US\",\"potentialAction\":[{\"@type\":\"ReadAction\",\"target\":[\"https:\\\/\\\/fluisterboot.nl\\\/en\\\/privacy-declaration\\\/\"]}]},{\"@type\":\"BreadcrumbList\",\"@id\":\"https:\\\/\\\/fluisterboot.nl\\\/en\\\/privacy-declaration\\\/#breadcrumb\",\"itemListElement\":[{\"@type\":\"ListItem\",\"position\":1,\"name\":\"Home\",\"item\":\"https:\\\/\\\/fluisterboot.nl\\\/en\\\/rent-a-whisper-boat-in-giethoorn\\\/\"},{\"@type\":\"ListItem\",\"position\":2,\"name\":\"Privacy declaration\"}]},{\"@type\":\"WebSite\",\"@id\":\"https:\\\/\\\/fluisterboot.nl\\\/en\\\/#website\",\"url\":\"https:\\\/\\\/fluisterboot.nl\\\/en\\\/\",\"name\":\"Fluisterboot Giethoorn\",\"description\":\"Varen in Giethoorn\",\"publisher\":{\"@id\":\"https:\\\/\\\/fluisterboot.nl\\\/en\\\/#organization\"},\"potentialAction\":[{\"@type\":\"SearchAction\",\"target\":{\"@type\":\"EntryPoint\",\"urlTemplate\":\"https:\\\/\\\/fluisterboot.nl\\\/en\\\/?s={search_term_string}\"},\"query-input\":{\"@type\":\"PropertyValueSpecification\",\"valueRequired\":true,\"valueName\":\"search_term_string\"}}],\"inLanguage\":\"en-US\"},{\"@type\":\"Organization\",\"@id\":\"https:\\\/\\\/fluisterboot.nl\\\/en\\\/#organization\",\"name\":\"Fluisterboot.nl\",\"url\":\"https:\\\/\\\/fluisterboot.nl\\\/en\\\/\",\"logo\":{\"@type\":\"ImageObject\",\"inLanguage\":\"en-US\",\"@id\":\"https:\\\/\\\/fluisterboot.nl\\\/en\\\/#\\\/schema\\\/logo\\\/image\\\/\",\"url\":\"https:\\\/\\\/fluisterboot.nl\\\/wp-content\\\/uploads\\\/2019\\\/03\\\/logo.png\",\"contentUrl\":\"https:\\\/\\\/fluisterboot.nl\\\/wp-content\\\/uploads\\\/2019\\\/03\\\/logo.png\",\"width\":325,\"height\":75,\"caption\":\"Fluisterboot.nl\"},\"image\":{\"@id\":\"https:\\\/\\\/fluisterboot.nl\\\/en\\\/#\\\/schema\\\/logo\\\/image\\\/\"},\"sameAs\":[\"https:\\\/\\\/www.facebook.com\\\/HollandGiethoorn\\\/\",\"https:\\\/\\\/www.instagram.com\\\/hollandgiethoorn\\\/\",\"https:\\\/\\\/www.instagram.com\\\/bedenbootgiethoorn\\\/\"]}]}<\/script>\n<!-- \/ Yoast SEO plugin. -->","yoast_head_json":{"title":"Privacy declaration | Fluisterboot Giethoorn","robots":{"index":"noindex","follow":"follow"},"og_locale":"en_US","og_type":"article","og_title":"Privacy declaration | Fluisterboot Giethoorn","og_description":"Datenschutzerkl\u00e4rung G\u00fcltig from December 2018 Die vorliegende Datenschutzerkl\u00e4rung gilt f\u00fcr die Website www.molgroenewegen.de that vom Inhaber von Bed &amp; Boot Mol Groenewegen verwaltet. In dieser Datenschutzerkl\u00e4rung ist festgelegt, who wir Daten erheben und spoiled, die Sie als Nutzer auf unserer Website (www.molgroenewegen.de) hinterlas. Darin is auch beschrieben, welche Straight Sie in Bezug auf die von [&hellip;]","og_url":"https:\/\/fluisterboot.nl\/en\/privacy-declaration\/","og_site_name":"Fluisterboot Giethoorn","article_publisher":"https:\/\/www.facebook.com\/HollandGiethoorn\/","article_modified_time":"2022-03-02T13:59:08+00:00","og_image":[{"width":325,"height":75,"url":"https:\/\/fluisterboot.nl\/wp-content\/uploads\/2019\/03\/logo.png","type":"image\/png"}],"twitter_card":"summary_large_image","twitter_misc":{"Est. reading time":"5 minutes"},"schema":{"@context":"https:\/\/schema.org","@graph":[{"@type":"WebPage","@id":"https:\/\/fluisterboot.nl\/en\/privacy-declaration\/","url":"https:\/\/fluisterboot.nl\/en\/privacy-declaration\/","name":"Privacy declaration | Fluisterboot Giethoorn","isPartOf":{"@id":"https:\/\/fluisterboot.nl\/en\/#website"},"datePublished":"2022-02-28T15:37:37+00:00","dateModified":"2022-03-02T13:59:08+00:00","breadcrumb":{"@id":"https:\/\/fluisterboot.nl\/en\/privacy-declaration\/#breadcrumb"},"inLanguage":"en-US","potentialAction":[{"@type":"ReadAction","target":["https:\/\/fluisterboot.nl\/en\/privacy-declaration\/"]}]},{"@type":"BreadcrumbList","@id":"https:\/\/fluisterboot.nl\/en\/privacy-declaration\/#breadcrumb","itemListElement":[{"@type":"ListItem","position":1,"name":"Home","item":"https:\/\/fluisterboot.nl\/en\/rent-a-whisper-boat-in-giethoorn\/"},{"@type":"ListItem","position":2,"name":"Privacy declaration"}]},{"@type":"WebSite","@id":"https:\/\/fluisterboot.nl\/en\/#website","url":"https:\/\/fluisterboot.nl\/en\/","name":"Fluisterboot Giethoorn","description":"Varen in Giethoorn","publisher":{"@id":"https:\/\/fluisterboot.nl\/en\/#organization"},"potentialAction":[{"@type":"SearchAction","target":{"@type":"EntryPoint","urlTemplate":"https:\/\/fluisterboot.nl\/en\/?s={search_term_string}"},"query-input":{"@type":"PropertyValueSpecification","valueRequired":true,"valueName":"search_term_string"}}],"inLanguage":"en-US"},{"@type":"Organization","@id":"https:\/\/fluisterboot.nl\/en\/#organization","name":"Fluisterboot.nl","url":"https:\/\/fluisterboot.nl\/en\/","logo":{"@type":"ImageObject","inLanguage":"en-US","@id":"https:\/\/fluisterboot.nl\/en\/#\/schema\/logo\/image\/","url":"https:\/\/fluisterboot.nl\/wp-content\/uploads\/2019\/03\/logo.png","contentUrl":"https:\/\/fluisterboot.nl\/wp-content\/uploads\/2019\/03\/logo.png","width":325,"height":75,"caption":"Fluisterboot.nl"},"image":{"@id":"https:\/\/fluisterboot.nl\/en\/#\/schema\/logo\/image\/"},"sameAs":["https:\/\/www.facebook.com\/HollandGiethoorn\/","https:\/\/www.instagram.com\/hollandgiethoorn\/","https:\/\/www.instagram.com\/bedenbootgiethoorn\/"]}]}},"_links":{"self":[{"href":"https:\/\/fluisterboot.nl\/en\/wp-json\/wp\/v2\/pages\/10955","targetHints":{"allow":["GET"]}}],"collection":[{"href":"https:\/\/fluisterboot.nl\/en\/wp-json\/wp\/v2\/pages"}],"about":[{"href":"https:\/\/fluisterboot.nl\/en\/wp-json\/wp\/v2\/types\/page"}],"author":[{"embeddable":true,"href":"https:\/\/fluisterboot.nl\/en\/wp-json\/wp\/v2\/users\/1"}],"replies":[{"embeddable":true,"href":"https:\/\/fluisterboot.nl\/en\/wp-json\/wp\/v2\/comments?post=10955"}],"version-history":[{"count":5,"href":"https:\/\/fluisterboot.nl\/en\/wp-json\/wp\/v2\/pages\/10955\/revisions"}],"predecessor-version":[{"id":11910,"href":"https:\/\/fluisterboot.nl\/en\/wp-json\/wp\/v2\/pages\/10955\/revisions\/11910"}],"wp:attachment":[{"href":"https:\/\/fluisterboot.nl\/en\/wp-json\/wp\/v2\/media?parent=10955"}],"curies":[{"name":"wp","href":"https:\/\/api.w.org\/{rel}","templated":true}]}}