{"id":10971,"date":"2022-02-28T15:37:39","date_gmt":"2022-02-28T15:37:39","guid":{"rendered":"https:\/\/fluisterboot.nl\/datenschutzerklaerung\/"},"modified":"2022-03-13T19:51:28","modified_gmt":"2022-03-13T18:51:28","slug":"datenschutzerklaerung","status":"publish","type":"page","link":"https:\/\/fluisterboot.nl\/de\/datenschutzerklaerung\/","title":{"rendered":"Datenschutzerkl\u00e4rung"},"content":{"rendered":"<p>[et_pb_section fb_built=&#8220;1&#8243; admin_label=&#8220;section&#8220; _builder_version=&#8220;3.22&#8243; global_colors_info=&#8220;{}&#8220;][et_pb_row admin_label=&#8220;Reihe&#8220; _builder_version=&#8220;3.25&#8243; background_size=&#8220;initial&#8220; background_position=&#8220;top_left&#8220; background_repeat=&#8220;repeat&#8220; global_colors_info=&#8220;{}&#8220;][et_pb_column type=&#8220;4_4&#8243; _builder_version=&#8220;3.25&#8243; custom_padding=&#8220;|||&#8220; global_colors_info=&#8220;{}&#8220; custom_padding__hover=&#8220;|||&#8220;][et_pb_text admin_label=&#8220;Text&#8220; _builder_version=&#8220;4.14.9&#8243; header_font=&#8220;economica-otf||||||||&#8220; header_font_size=&#8220;32px&#8220; background_size=&#8220;initial&#8220; background_position=&#8220;top_left&#8220; background_repeat=&#8220;repeat&#8220; hover_enabled=&#8220;0&#8243; global_colors_info=&#8220;{}&#8220; sticky_enabled=&#8220;0&#8243;]<\/p>\n<h1>Datenschutzerkl\u00e4rung<\/h1>\n<p>G\u00fcltig ab Dezember 2018<\/p>\n<p>Die vorliegende Datenschutzerkl\u00e4rung gilt f\u00fcr die Website www.fluisterboot.de die vom Inhaber von Bed &amp; Boot Mol Groenewegen verwaltet wird. In dieser Datenschutzerkl\u00e4rung ist festgelegt, wie wir Daten erheben und verwenden, die Sie als Nutzer auf unserer Website (www.fluisterboot.de) hinterlassen. Darin wird auch beschrieben, welche Rechte Sie in Bezug auf die von uns erhobenen personenbezogenen Daten haben und wie Sie Ihre Daten einsehen und anpassen k\u00f6nnen.de<\/p>\n<p><strong>Erfassung personenbezogener Daten<\/strong><\/p>\n<p>Wir erheben unter anderem folgende Kategorien personenbezogener Daten:<\/p>\n<ul>\n<li>Ihren Familiennamen, Ihre E-Mail-Adresse und Ihre Adresse<\/li>\n<li>Angaben \u00fcber den Aufenthalt der G\u00e4ste, einschlie\u00dflich An- und Abreisedatum, Sonderw\u00fcnsche, Angaben zu Ihren Service-Pr\u00e4ferenzen.<\/li>\n<\/ul>\n<p>Sie bestimmen jederzeit selbst, welche personenbezogenen Daten (falls zutreffend) Sie uns zur Verf\u00fcgung stellen.<\/p>\n<p><strong>Verwendungszweck personenbezogener Daten<\/strong><\/p>\n<p>Wir verarbeiten Ihre personenbezogenen Daten zu folgenden Zwecken:<\/p>\n<ul>\n<li>Buchungen: Wir verwenden Ihre personenbezogenen Daten, um Ihre Buchung zu verarbeiten und zu best\u00e4tigen.<\/li>\n<li>Kundendienst: Wir verwenden Ihre personenbezogenen Daten, um bestimmte Dienstleistungen f\u00fcr Sie zu erbringen.<\/li>\n<li>Sonstige Mitteilungen: Je nach den von Ihnen zur Verf\u00fcgung gestellten Kontaktdaten kann es vorkommen, dass wir per E-Mail Kontakt mit Ihnen aufnehmen. M\u00f6glicherweise beantworten wir Ihre eingereichten Fragen und bearbeiten Ihre Anfragen.<\/li>\n<li>Sicherheit, Verh\u00fctung und Aufdeckung von Betrugsf\u00e4llen: Wir verwenden Daten, die m\u00f6glicherweise auch personenbezogene Daten enthalten, um Betrugsf\u00e4lle oder andere illegale oder unrechtm\u00e4\u00dfige Handlungen zu verhindern. Derartige Daten verwenden wir auch dazu, um Betrugsf\u00e4lle zu untersuchen und aufzudecken. Personenbezogene Daten k\u00f6nnen wir auch zur Risikoanalyse sowie zu Sicherheitszwecken verwenden, unter anderem zur Authentifizierung von Nutzern. F\u00fcr derartige Verwendungszwecke leiten wir personenbezogene Daten eventuell an Dritte wie Strafverfolgungsbeh\u00f6rden und externe Berater weiter.<\/li>\n<li>Gesetze und Vorschriften: In bestimmten F\u00e4llen sind wir verpflichtet, die zur Verf\u00fcgung gestellten Daten, die m\u00f6glicherweise auch personenbezogene Daten enthalten, zu verwenden. Dies ist beispielsweise der Fall bei der Bearbeitung und Beilegung von Rechtsstreitigkeiten oder Beschwerden, bei rechtlichen Ermittlungen und \u00dcberpr\u00fcfungen der Einhaltung gesetzlicher Vorschriften, oder wenn dies f\u00fcr die Erf\u00fcllung der Vertragspflichten erforderlich oder von Strafverfolgungsbeh\u00f6rden gesetzlich vorgeschrieben ist.<\/li>\n<\/ul>\n<p><strong>Rechtsgrundlage<\/strong><\/p>\n<ul>\n<li>Unter Umst\u00e4nden m\u00fcssen wir Ihre Daten verarbeiten, um die mit Ihnen vereinbarte Dienstleistung zu erbringen und Ihre Buchung durchzuf\u00fchren.<\/li>\n<li>Falls zutreffend halten wir uns au\u00dferdem an unsere Pflicht, dem geltenden Recht Folge zu leisten.<\/li>\n<li>Wo es das geltende Recht vorschreibt, bitten wir Sie um Ihre ausdr\u00fcckliche Zustimmung, bevor wir Ihre personenbezogenen Daten zu direkten Marketingzwecken verarbeiten.<\/li>\n<\/ul>\n<p>Falls das geltende Recht es vorschreibt, bitten wir Sie um Ihre ausdr\u00fcckliche Zustimmung zur Datenverarbeitung, Sie k\u00f6nnen Ihre Zustimmung jederzeit widerrufen. Richten Sie Ihren entsprechenden Antrag an eine unserer am Ende dieser Datenschutzerkl\u00e4rung aufgef\u00fchrten Adressen.<\/p>\n<p><strong>Weiterleitung personenbezogener Daten<\/strong><\/p>\n<ul>\n<li><u>Zust\u00e4ndige Beh\u00f6rden:<\/u> Wir leiten personenbezogene Daten an Strafverfolgungsbeh\u00f6rden und andere Regierungsinstanzen weiter, wenn dies gesetzlich vorgeschrieben oder unbedingt notwendig ist, um Straftaten und Betrugsf\u00e4lle zu verhindern, aufzudecken und zu verfolgen.<\/li>\n<\/ul>\n<p><strong>Aufbewahrung von Daten<\/strong><\/p>\n<p>Ihre Daten, einschlie\u00dflich der personenbezogenen Daten, bewahren wir so lange auf, wie es zur Erbringung der gew\u00fcnschten Dienstleistung erforderlich ist, wie es von Gesetzes wegen oder zur Beilegung von Rechtsstreitigkeiten oder zum Aufdecken und Verhindern von Betrugsf\u00e4llen oder anderer Straftaten erforderlich ist, oder so lange wie n\u00f6tig, um unsere Aktivit\u00e4ten ausf\u00fchren zu k\u00f6nnen. Die vorliegende Datenschutzerkl\u00e4rung ist auf alle gespeicherten personenbezogenen Daten anwendbar. Eventuelle Fragen zur Aufbewahrungsfrist f\u00fcr bestimmte Arten personenbezogener Daten, die wir von Ihnen verarbeiten, richten Sie bitte \u00fcber die nachstehenden Kontaktdaten an uns.<\/p>\n<p><strong>Ihre Nutzeroptionen und Rechte<\/strong><\/p>\n<p>Wir legen Wert darauf, dass Sie selbst die Kontrolle dar\u00fcber haben, wie wir Ihre personenbezogenen Daten verwenden. Sie k\u00f6nnen Ihre Rechte wie folgt aus\u00fcben:<\/p>\n<ul>\n<li>Sie k\u00f6nnen von uns verlangen, Ihnen eine Kopie Ihrer personenbezogenen Daten, die uns zur Verf\u00fcgung stehen, zu \u00fcbermitteln.<\/li>\n<li>Sie k\u00f6nnen Ihre bei uns bekannten personenbezogenen Daten \u00e4ndern oder korrigieren lassen.<\/li>\n<li>In bestimmten F\u00e4llen haben Sie das Recht, die Verarbeitung Ihrer personenbezogenen Daten unsererseits einzustellen, zu blockieren oder einzuschr\u00e4nken, oder Einspruch gegen die Art und Weise der Verwendung Ihrer personenbezogenen Daten einzulegen.<\/li>\n<li>In bestimmten F\u00e4llen haben Sie au\u00dferdem das Recht, von uns zu verlangen, dass wir die von Ihnen bereitgestellten personenbezogenen Daten an eine Drittpartei weiterleiten.<\/li>\n<\/ul>\n<p>W\u00e4hrend wir mit Ihrer Einwilligung Ihre personenbezogenen Daten verwenden, d\u00fcrfen Sie diese Einwilligung\u00a0\u2013 je nach anwendbarem Recht \u2013 jederzeit widerrufen. Wenn wir Ihre personenbezogenen Daten auf Basis eines berechtigten Interesses oder des \u00f6ffentlichen Interesses verarbeiten, haben Sie au\u00dferdem jederzeit \u2013 und unter Beachtung der Rechtsvorschriften \u2013 das Recht, Einspruch gegen die jeweilige Verwendung Ihrer personenbezogenen Daten einzulegen.<\/p>\n<p>Wir gehen davon aus, dass Sie daf\u00fcr sorgen, dass Ihre personenbezogenen Daten vollst\u00e4ndig, korrekt und aktuell sind. Eventuelle \u00c4nderungen oder Fehler bei Ihren personenbezogenen Daten teilen Sie uns bitte per E-Mail an <u><a href=\"mailto:info@fluisterboot.nl\">info@fluisterboot.nl<\/a><\/u> mit. Wir bearbeiten Ihren Antrag gem\u00e4\u00df den geltenden Rechtsvorschriften.<\/p>\n<p><strong>Fragen oder Beschwerden<\/strong><\/p>\n<p>Wenn Sie Fragen oder Anmerkungen zur Verarbeitung Ihrer personenbezogenen Daten haben oder Ihre diesbez\u00fcglichen Rechte aus\u00fcben m\u00f6chten, k\u00f6nnen Sie sich unter folgender E-Mail-Adresse an uns wenden: <u><a href=\"mailto:info@fluisterboot.nl\">info@fluisterboot.nl<\/a><\/u><\/p>\n<p>Binnenpad 28 \u2013 NL-8355 BR GIETHOORN \u2013 Tel. +31-(0)521-361359 \u2013 Mobil +31-(0)6-44994037<\/p>\n<p>Bei Fragen oder Beschwerden k\u00f6nnen Sie sich auch an die zust\u00e4ndige Datenschutzaufsichtsbeh\u00f6rde wenden.<\/p>\n<p>&nbsp;<\/p>\n<p>&nbsp;<\/p>\n<p>&nbsp;<\/p>\n<p>[\/et_pb_text][\/et_pb_column][\/et_pb_row][\/et_pb_section]<\/p>\n","protected":false},"excerpt":{"rendered":"<p>Datenschutzerkl\u00e4rung G\u00fcltig ab Dezember 2018 Die vorliegende Datenschutzerkl\u00e4rung gilt f\u00fcr die Website www.fluisterboot.de die vom Inhaber von Bed &amp; Boot Mol Groenewegen verwaltet wird. In dieser Datenschutzerkl\u00e4rung ist festgelegt, wie wir Daten erheben und verwenden, die Sie als Nutzer auf unserer Website (www.fluisterboot.de) hinterlassen. Darin wird auch beschrieben, welche Rechte Sie in Bezug auf die [&hellip;]<\/p>\n","protected":false},"author":1,"featured_media":0,"parent":0,"menu_order":68,"comment_status":"closed","ping_status":"closed","template":"","meta":{"_et_pb_use_builder":"on","_et_pb_old_content":"","_et_gb_content_width":"","footnotes":""},"class_list":["post-10971","page","type-page","status-publish","hentry"],"yoast_head":"<!-- This site is optimized with the Yoast SEO plugin v27.5 - https:\/\/yoast.com\/product\/yoast-seo-wordpress\/ -->\n<title>Datenschutzerkl\u00e4rung | Fluisterboot Giethoorn<\/title>\n<meta name=\"robots\" content=\"noindex, follow\" \/>\n<meta property=\"og:locale\" content=\"de_DE\" \/>\n<meta property=\"og:type\" content=\"article\" \/>\n<meta property=\"og:title\" content=\"Datenschutzerkl\u00e4rung | Fluisterboot Giethoorn\" \/>\n<meta property=\"og:description\" content=\"Datenschutzerkl\u00e4rung G\u00fcltig ab Dezember 2018 Die vorliegende Datenschutzerkl\u00e4rung gilt f\u00fcr die Website www.fluisterboot.de die vom Inhaber von Bed &amp; Boot Mol Groenewegen verwaltet wird. In dieser Datenschutzerkl\u00e4rung ist festgelegt, wie wir Daten erheben und verwenden, die Sie als Nutzer auf unserer Website (www.fluisterboot.de) hinterlassen. Darin wird auch beschrieben, welche Rechte Sie in Bezug auf die [&hellip;]\" \/>\n<meta property=\"og:url\" content=\"https:\/\/fluisterboot.nl\/de\/datenschutzerklaerung\/\" \/>\n<meta property=\"og:site_name\" content=\"Fluisterboot Giethoorn\" \/>\n<meta property=\"article:publisher\" content=\"https:\/\/www.facebook.com\/HollandGiethoorn\/\" \/>\n<meta property=\"article:modified_time\" content=\"2022-03-13T18:51:28+00:00\" \/>\n<meta property=\"og:image\" content=\"https:\/\/fluisterboot.nl\/wp-content\/uploads\/2019\/03\/logo.png\" \/>\n\t<meta property=\"og:image:width\" content=\"325\" \/>\n\t<meta property=\"og:image:height\" content=\"75\" \/>\n\t<meta property=\"og:image:type\" content=\"image\/png\" \/>\n<meta name=\"twitter:card\" content=\"summary_large_image\" \/>\n<meta name=\"twitter:label1\" content=\"Gesch\u00e4tzte Lesezeit\" \/>\n\t<meta name=\"twitter:data1\" content=\"5\u00a0Minuten\" \/>\n<script type=\"application\/ld+json\" class=\"yoast-schema-graph\">{\"@context\":\"https:\\\/\\\/schema.org\",\"@graph\":[{\"@type\":\"WebPage\",\"@id\":\"https:\\\/\\\/fluisterboot.nl\\\/de\\\/datenschutzerklaerung\\\/\",\"url\":\"https:\\\/\\\/fluisterboot.nl\\\/de\\\/datenschutzerklaerung\\\/\",\"name\":\"Datenschutzerkl\u00e4rung | Fluisterboot Giethoorn\",\"isPartOf\":{\"@id\":\"https:\\\/\\\/fluisterboot.nl\\\/de\\\/#website\"},\"datePublished\":\"2022-02-28T15:37:39+00:00\",\"dateModified\":\"2022-03-13T18:51:28+00:00\",\"breadcrumb\":{\"@id\":\"https:\\\/\\\/fluisterboot.nl\\\/de\\\/datenschutzerklaerung\\\/#breadcrumb\"},\"inLanguage\":\"de\",\"potentialAction\":[{\"@type\":\"ReadAction\",\"target\":[\"https:\\\/\\\/fluisterboot.nl\\\/de\\\/datenschutzerklaerung\\\/\"]}]},{\"@type\":\"BreadcrumbList\",\"@id\":\"https:\\\/\\\/fluisterboot.nl\\\/de\\\/datenschutzerklaerung\\\/#breadcrumb\",\"itemListElement\":[{\"@type\":\"ListItem\",\"position\":1,\"name\":\"Home\",\"item\":\"https:\\\/\\\/fluisterboot.nl\\\/de\\\/\"},{\"@type\":\"ListItem\",\"position\":2,\"name\":\"Datenschutzerkl\u00e4rung\"}]},{\"@type\":\"WebSite\",\"@id\":\"https:\\\/\\\/fluisterboot.nl\\\/de\\\/#website\",\"url\":\"https:\\\/\\\/fluisterboot.nl\\\/de\\\/\",\"name\":\"Fluisterboot Giethoorn\",\"description\":\"Varen in Giethoorn\",\"publisher\":{\"@id\":\"https:\\\/\\\/fluisterboot.nl\\\/de\\\/#organization\"},\"potentialAction\":[{\"@type\":\"SearchAction\",\"target\":{\"@type\":\"EntryPoint\",\"urlTemplate\":\"https:\\\/\\\/fluisterboot.nl\\\/de\\\/?s={search_term_string}\"},\"query-input\":{\"@type\":\"PropertyValueSpecification\",\"valueRequired\":true,\"valueName\":\"search_term_string\"}}],\"inLanguage\":\"de\"},{\"@type\":\"Organization\",\"@id\":\"https:\\\/\\\/fluisterboot.nl\\\/de\\\/#organization\",\"name\":\"Fluisterboot.nl\",\"url\":\"https:\\\/\\\/fluisterboot.nl\\\/de\\\/\",\"logo\":{\"@type\":\"ImageObject\",\"inLanguage\":\"de\",\"@id\":\"https:\\\/\\\/fluisterboot.nl\\\/de\\\/#\\\/schema\\\/logo\\\/image\\\/\",\"url\":\"https:\\\/\\\/fluisterboot.nl\\\/wp-content\\\/uploads\\\/2019\\\/03\\\/logo.png\",\"contentUrl\":\"https:\\\/\\\/fluisterboot.nl\\\/wp-content\\\/uploads\\\/2019\\\/03\\\/logo.png\",\"width\":325,\"height\":75,\"caption\":\"Fluisterboot.nl\"},\"image\":{\"@id\":\"https:\\\/\\\/fluisterboot.nl\\\/de\\\/#\\\/schema\\\/logo\\\/image\\\/\"},\"sameAs\":[\"https:\\\/\\\/www.facebook.com\\\/HollandGiethoorn\\\/\",\"https:\\\/\\\/www.instagram.com\\\/hollandgiethoorn\\\/\",\"https:\\\/\\\/www.instagram.com\\\/bedenbootgiethoorn\\\/\"]}]}<\/script>\n<!-- \/ Yoast SEO plugin. -->","yoast_head_json":{"title":"Datenschutzerkl\u00e4rung | Fluisterboot Giethoorn","robots":{"index":"noindex","follow":"follow"},"og_locale":"de_DE","og_type":"article","og_title":"Datenschutzerkl\u00e4rung | Fluisterboot Giethoorn","og_description":"Datenschutzerkl\u00e4rung G\u00fcltig ab Dezember 2018 Die vorliegende Datenschutzerkl\u00e4rung gilt f\u00fcr die Website www.fluisterboot.de die vom Inhaber von Bed &amp; Boot Mol Groenewegen verwaltet wird. In dieser Datenschutzerkl\u00e4rung ist festgelegt, wie wir Daten erheben und verwenden, die Sie als Nutzer auf unserer Website (www.fluisterboot.de) hinterlassen. Darin wird auch beschrieben, welche Rechte Sie in Bezug auf die [&hellip;]","og_url":"https:\/\/fluisterboot.nl\/de\/datenschutzerklaerung\/","og_site_name":"Fluisterboot Giethoorn","article_publisher":"https:\/\/www.facebook.com\/HollandGiethoorn\/","article_modified_time":"2022-03-13T18:51:28+00:00","og_image":[{"width":325,"height":75,"url":"https:\/\/fluisterboot.nl\/wp-content\/uploads\/2019\/03\/logo.png","type":"image\/png"}],"twitter_card":"summary_large_image","twitter_misc":{"Gesch\u00e4tzte Lesezeit":"5\u00a0Minuten"},"schema":{"@context":"https:\/\/schema.org","@graph":[{"@type":"WebPage","@id":"https:\/\/fluisterboot.nl\/de\/datenschutzerklaerung\/","url":"https:\/\/fluisterboot.nl\/de\/datenschutzerklaerung\/","name":"Datenschutzerkl\u00e4rung | Fluisterboot Giethoorn","isPartOf":{"@id":"https:\/\/fluisterboot.nl\/de\/#website"},"datePublished":"2022-02-28T15:37:39+00:00","dateModified":"2022-03-13T18:51:28+00:00","breadcrumb":{"@id":"https:\/\/fluisterboot.nl\/de\/datenschutzerklaerung\/#breadcrumb"},"inLanguage":"de","potentialAction":[{"@type":"ReadAction","target":["https:\/\/fluisterboot.nl\/de\/datenschutzerklaerung\/"]}]},{"@type":"BreadcrumbList","@id":"https:\/\/fluisterboot.nl\/de\/datenschutzerklaerung\/#breadcrumb","itemListElement":[{"@type":"ListItem","position":1,"name":"Home","item":"https:\/\/fluisterboot.nl\/de\/"},{"@type":"ListItem","position":2,"name":"Datenschutzerkl\u00e4rung"}]},{"@type":"WebSite","@id":"https:\/\/fluisterboot.nl\/de\/#website","url":"https:\/\/fluisterboot.nl\/de\/","name":"Fluisterboot Giethoorn","description":"Varen in Giethoorn","publisher":{"@id":"https:\/\/fluisterboot.nl\/de\/#organization"},"potentialAction":[{"@type":"SearchAction","target":{"@type":"EntryPoint","urlTemplate":"https:\/\/fluisterboot.nl\/de\/?s={search_term_string}"},"query-input":{"@type":"PropertyValueSpecification","valueRequired":true,"valueName":"search_term_string"}}],"inLanguage":"de"},{"@type":"Organization","@id":"https:\/\/fluisterboot.nl\/de\/#organization","name":"Fluisterboot.nl","url":"https:\/\/fluisterboot.nl\/de\/","logo":{"@type":"ImageObject","inLanguage":"de","@id":"https:\/\/fluisterboot.nl\/de\/#\/schema\/logo\/image\/","url":"https:\/\/fluisterboot.nl\/wp-content\/uploads\/2019\/03\/logo.png","contentUrl":"https:\/\/fluisterboot.nl\/wp-content\/uploads\/2019\/03\/logo.png","width":325,"height":75,"caption":"Fluisterboot.nl"},"image":{"@id":"https:\/\/fluisterboot.nl\/de\/#\/schema\/logo\/image\/"},"sameAs":["https:\/\/www.facebook.com\/HollandGiethoorn\/","https:\/\/www.instagram.com\/hollandgiethoorn\/","https:\/\/www.instagram.com\/bedenbootgiethoorn\/"]}]}},"_links":{"self":[{"href":"https:\/\/fluisterboot.nl\/de\/wp-json\/wp\/v2\/pages\/10971","targetHints":{"allow":["GET"]}}],"collection":[{"href":"https:\/\/fluisterboot.nl\/de\/wp-json\/wp\/v2\/pages"}],"about":[{"href":"https:\/\/fluisterboot.nl\/de\/wp-json\/wp\/v2\/types\/page"}],"author":[{"embeddable":true,"href":"https:\/\/fluisterboot.nl\/de\/wp-json\/wp\/v2\/users\/1"}],"replies":[{"embeddable":true,"href":"https:\/\/fluisterboot.nl\/de\/wp-json\/wp\/v2\/comments?post=10971"}],"version-history":[{"count":5,"href":"https:\/\/fluisterboot.nl\/de\/wp-json\/wp\/v2\/pages\/10971\/revisions"}],"predecessor-version":[{"id":12636,"href":"https:\/\/fluisterboot.nl\/de\/wp-json\/wp\/v2\/pages\/10971\/revisions\/12636"}],"wp:attachment":[{"href":"https:\/\/fluisterboot.nl\/de\/wp-json\/wp\/v2\/media?parent=10971"}],"curies":[{"name":"wp","href":"https:\/\/api.w.org\/{rel}","templated":true}]}}